{"id":3,"date":"2025-07-15T11:33:59","date_gmt":"2025-07-15T11:33:59","guid":{"rendered":"https:\/\/procamlock.com\/?page_id=3"},"modified":"2025-08-05T08:04:31","modified_gmt":"2025-08-05T08:04:31","slug":"personvernregler","status":"publish","type":"page","link":"https:\/\/procamlock.com\/nb\/privacy-policy\/","title":{"rendered":"Personvernerkl\u00e6ring"},"content":{"rendered":"<h2 class=\"wp-block-heading\">Hvem vi er<\/h2>\r\n\r\n\r\n\r\n<p>Nettadressen v\u00e5r er: https:\/\/procamlock.com<\/p>\r\n\r\n\r\n\r\n<h2 class=\"wp-block-heading\">Kommentarer<\/h2>\r\n\r\n\r\n\r\n<p>N\u00e5r bes\u00f8kende legger igjen kommentarer p\u00e5 nettstedet, samler vi inn dataene som vises i kommentarskjemaet, i tillegg til den bes\u00f8kendes IP-adresse og nettleserens brukeragentstreng for \u00e5 hjelpe med \u00e5 oppdage spam.<\/p>\r\n\r\n\r\n\r\n<p>En anonymisert streng opprettet fra e-postadressen din (ogs\u00e5 kalt en hash) kan bli gitt til Gravatar-tjenesten for \u00e5 se om du bruker den. Gravatar-tjenestens personvernregler er tilgjengelig her: https:\/\/automattic.com\/privacy\/. Etter at kommentaren din er godkjent, er profilbildet ditt synlig for offentligheten i konteksten av kommentaren din.<\/p>\r\n\r\n\r\n\r\n<h2 class=\"wp-block-heading\">Media<\/h2>\r\n\r\n\r\n\r\n<p>Hvis du laster opp bilder til nettstedet, b\u00f8r du unng\u00e5 \u00e5 laste opp bilder med innebygde posisjonsdata (EXIF GPS). Bes\u00f8kende p\u00e5 nettstedet kan laste ned og hente ut posisjonsdata fra bilder p\u00e5 nettstedet.<\/p>\r\n\r\n\r\n\r\n<h2 class=\"wp-block-heading\">Informasjonskapsler<\/h2>\r\n\r\n\r\n\r\n<p>Hvis du legger igjen en kommentar p\u00e5 nettstedet v\u00e5rt, kan du velge \u00e5 lagre navn, e-postadresse og nettsted i informasjonskapsler. Disse er for din bekvemmelighet, slik at du ikke trenger \u00e5 fylle ut informasjonen din p\u00e5 nytt n\u00e5r du legger igjen en ny kommentar. Disse informasjonskapslene varer i ett \u00e5r.<\/p>\r\n\r\n\r\n\r\n<p>Hvis du bes\u00f8ker innloggingssiden v\u00e5r, vil vi sette en midlertidig informasjonskapsel for \u00e5 avgj\u00f8re om nettleseren din godtar informasjonskapsler. Denne informasjonskapselen inneholder ingen personopplysninger og forkastes n\u00e5r du lukker nettleseren.<\/p>\r\n\r\n\r\n\r\n<p>N\u00e5r du logger deg inn, vil vi ogs\u00e5 sette opp flere informasjonskapsler for \u00e5 lagre innloggingsinformasjonen din og skjermvisningsvalgene dine. Innloggingsinformasjonskapsler varer i to dager, og informasjonskapsler for skjermvalg varer i ett \u00e5r. Hvis du velger \u00abHusk meg\u00bb, vil innloggingen din lagres i to uker. Hvis du logger deg ut av kontoen din, vil innloggingsinformasjonskapslene bli fjernet.<\/p>\r\n\r\n\r\n\r\n<p>Hvis du redigerer eller publiserer en artikkel, lagres en ekstra informasjonskapsel i nettleseren din. Denne informasjonskapselen inneholder ingen personopplysninger og angir kun innleggs-ID-en til artikkelen du nettopp redigerte. Den utl\u00f8per etter 1 dag.<\/p>\r\n\r\n\r\n\r\n<h2 class=\"wp-block-heading\">Innebygd innhold fra andre nettsteder<\/h2>\r\n\r\n\r\n\r\n<p>Artikler p\u00e5 dette nettstedet kan inneholde innebygd innhold (f.eks. videoer, bilder, artikler osv.). Innebygd innhold fra andre nettsteder oppf\u00f8rer seg p\u00e5 n\u00f8yaktig samme m\u00e5te som om den bes\u00f8kende har bes\u00f8kt det andre nettstedet.<\/p>\r\n\r\n\r\n\r\n<p>Disse nettstedene kan samle inn data om deg, bruke informasjonskapsler, legge inn ytterligere tredjepartssporing og overv\u00e5ke samhandlingen din med det innebygde innholdet, inkludert sporing av samhandlingen din med det innebygde innholdet hvis du har en konto og er logget inn p\u00e5 det nettstedet.<\/p>\r\n\r\n\r\n\r\n<h2 class=\"wp-block-heading\">Hvem vi deler dataene dine med<\/h2>\r\n\r\n\r\n\r\n<p>Hvis du ber om tilbakestilling av passord, vil IP-adressen din bli inkludert i tilbakestillings-e-posten.<\/p>\r\n\r\n\r\n\r\n<h2 class=\"wp-block-heading\">Hvor lenge vi oppbevarer dataene dine<\/h2>\r\n\r\n\r\n\r\n<p>Hvis du legger igjen en kommentar, lagres kommentaren og metadataene p\u00e5 ubestemt tid. Dette er slik at vi kan gjenkjenne og godkjenne eventuelle oppf\u00f8lgingskommentarer automatisk i stedet for \u00e5 sette dem i en modereringsk\u00f8.<\/p>\r\n\r\n\r\n\r\n<p>For brukere som registrerer seg p\u00e5 nettstedet v\u00e5rt (hvis noen), lagrer vi ogs\u00e5 den personlige informasjonen de oppgir i brukerprofilen sin. Alle brukere kan se, redigere eller slette sin personlige informasjon n\u00e5r som helst (med unntak av at de ikke kan endre brukernavnet sitt). Nettstedsadministratorer kan ogs\u00e5 se og redigere denne informasjonen.<\/p>\r\n\r\n\r\n\r\n<h2 class=\"wp-block-heading\">Hvilke rettigheter du har over dataene dine<\/h2>\r\n\r\n\r\n\r\n<p>Hvis du har en konto p\u00e5 dette nettstedet, eller har lagt igjen kommentarer, kan du be om \u00e5 motta en eksportert fil av personopplysningene vi har om deg, inkludert data du har gitt oss. Du kan ogs\u00e5 be om at vi sletter personopplysninger vi har om deg. Dette inkluderer ikke data vi er forpliktet til \u00e5 oppbevare av administrative, juridiske eller sikkerhetsmessige \u00e5rsaker.<\/p>\r\n\r\n\r\n\r\n<h2 class=\"wp-block-heading\">Hvor dataene dine sendes<\/h2>\r\n\r\n\r\n\r\n<p>Bes\u00f8kendes kommentarer kan bli sjekket via en automatisert spam-deteksjonstjeneste.<\/p>\r\n\r\n<p>&nbsp;<\/p>","protected":false},"excerpt":{"rendered":"<p>Who we are Our website address is: https:\/\/procamlock.com Comments When visitors leave comments on the site we collect the data [&hellip;]<\/p>\n","protected":false},"author":3,"featured_media":0,"parent":0,"menu_order":0,"comment_status":"closed","ping_status":"open","template":"","meta":{"_acf_changed":false,"site-sidebar-layout":"default","site-content-layout":"","ast-site-content-layout":"default","site-content-style":"default","site-sidebar-style":"default","ast-global-header-display":"","ast-banner-title-visibility":"","ast-main-header-display":"","ast-hfb-above-header-display":"","ast-hfb-below-header-display":"","ast-hfb-mobile-header-display":"","site-post-title":"","ast-breadcrumbs-content":"","ast-featured-img":"","footer-sml-layout":"","ast-disable-related-posts":"","theme-transparent-header-meta":"default","adv-header-id-meta":"","stick-header-meta":"","header-above-stick-meta":"","header-main-stick-meta":"","header-below-stick-meta":"","astra-migrate-meta-layouts":"set","ast-page-background-enabled":"default","ast-page-background-meta":{"desktop":{"background-color":"var(--ast-global-color-5)","background-image":"","background-repeat":"repeat","background-position":"center center","background-size":"auto","background-attachment":"scroll","background-type":"","background-media":"","overlay-type":"","overlay-color":"","overlay-opacity":"","overlay-gradient":""},"tablet":{"background-color":"","background-image":"","background-repeat":"repeat","background-position":"center center","background-size":"auto","background-attachment":"scroll","background-type":"","background-media":"","overlay-type":"","overlay-color":"","overlay-opacity":"","overlay-gradient":""},"mobile":{"background-color":"","background-image":"","background-repeat":"repeat","background-position":"center center","background-size":"auto","background-attachment":"scroll","background-type":"","background-media":"","overlay-type":"","overlay-color":"","overlay-opacity":"","overlay-gradient":""}},"ast-content-background-meta":{"desktop":{"background-color":"var(--ast-global-color-4)","background-image":"","background-repeat":"repeat","background-position":"center center","background-size":"auto","background-attachment":"scroll","background-type":"","background-media":"","overlay-type":"","overlay-color":"","overlay-opacity":"","overlay-gradient":""},"tablet":{"background-color":"var(--ast-global-color-4)","background-image":"","background-repeat":"repeat","background-position":"center center","background-size":"auto","background-attachment":"scroll","background-type":"","background-media":"","overlay-type":"","overlay-color":"","overlay-opacity":"","overlay-gradient":""},"mobile":{"background-color":"var(--ast-global-color-4)","background-image":"","background-repeat":"repeat","background-position":"center center","background-size":"auto","background-attachment":"scroll","background-type":"","background-media":"","overlay-type":"","overlay-color":"","overlay-opacity":"","overlay-gradient":""}},"footnotes":""},"class_list":["post-3","page","type-page","status-publish","hentry"],"acf":[],"yoast_head":"<!-- This site is optimized with the Yoast SEO plugin v27.1.1 - https:\/\/yoast.com\/product\/yoast-seo-wordpress\/ -->\n<title>Privacy Policy - PROCAMLOCK<\/title>\n<meta name=\"robots\" content=\"index, follow, max-snippet:-1, max-image-preview:large, max-video-preview:-1\" \/>\n<link rel=\"canonical\" href=\"https:\/\/procamlock.com\/nb\/personvernregler\/\" \/>\n<meta property=\"og:locale\" content=\"nb_NO\" \/>\n<meta property=\"og:type\" content=\"article\" \/>\n<meta property=\"og:title\" content=\"Privacy Policy - PROCAMLOCK\" \/>\n<meta property=\"og:description\" content=\"Who we are Our website address is: https:\/\/procamlock.com Comments When visitors leave comments on the site we collect the data [&hellip;]\" \/>\n<meta property=\"og:url\" content=\"https:\/\/procamlock.com\/nb\/personvernregler\/\" \/>\n<meta property=\"og:site_name\" content=\"PROCAMLOCK\" \/>\n<meta property=\"article:publisher\" content=\"https:\/\/www.facebook.com\/PROCAMLOCK\/\" \/>\n<meta property=\"article:modified_time\" content=\"2025-08-05T08:04:31+00:00\" \/>\n<meta name=\"twitter:card\" content=\"summary_large_image\" \/>\n<meta name=\"twitter:label1\" content=\"Ansl. lesetid\" \/>\n\t<meta name=\"twitter:data1\" content=\"3 minutter\" \/>\n<script type=\"application\/ld+json\" class=\"yoast-schema-graph\">{\"@context\":\"https:\/\/schema.org\",\"@graph\":[{\"@type\":\"WebPage\",\"@id\":\"https:\/\/procamlock.com\/nb\/privacy-policy\/\",\"url\":\"https:\/\/procamlock.com\/nb\/privacy-policy\/\",\"name\":\"Privacy Policy - PROCAMLOCK\",\"isPartOf\":{\"@id\":\"https:\/\/procamlock.com\/nb\/#website\"},\"datePublished\":\"2025-07-15T11:33:59+00:00\",\"dateModified\":\"2025-08-05T08:04:31+00:00\",\"breadcrumb\":{\"@id\":\"https:\/\/procamlock.com\/nb\/privacy-policy\/#breadcrumb\"},\"inLanguage\":\"nb-NO\",\"potentialAction\":[{\"@type\":\"ReadAction\",\"target\":[\"https:\/\/procamlock.com\/nb\/privacy-policy\/\"]}]},{\"@type\":\"BreadcrumbList\",\"@id\":\"https:\/\/procamlock.com\/nb\/privacy-policy\/#breadcrumb\",\"itemListElement\":[{\"@type\":\"ListItem\",\"position\":1,\"name\":\"Home\",\"item\":\"https:\/\/procamlock.com\/\"},{\"@type\":\"ListItem\",\"position\":2,\"name\":\"Privacy Policy\"}]},{\"@type\":\"WebSite\",\"@id\":\"https:\/\/procamlock.com\/nb\/#website\",\"url\":\"https:\/\/procamlock.com\/nb\/\",\"name\":\"PROCAMLOCK\",\"description\":\"\",\"publisher\":{\"@id\":\"https:\/\/procamlock.com\/nb\/#organization\"},\"potentialAction\":[{\"@type\":\"SearchAction\",\"target\":{\"@type\":\"EntryPoint\",\"urlTemplate\":\"https:\/\/procamlock.com\/nb\/?s={search_term_string}\"},\"query-input\":{\"@type\":\"PropertyValueSpecification\",\"valueRequired\":true,\"valueName\":\"search_term_string\"}}],\"inLanguage\":\"nb-NO\"},{\"@type\":\"Organization\",\"@id\":\"https:\/\/procamlock.com\/nb\/#organization\",\"name\":\"PROCAMLOCK\",\"url\":\"https:\/\/procamlock.com\/nb\/\",\"logo\":{\"@type\":\"ImageObject\",\"inLanguage\":\"nb-NO\",\"@id\":\"https:\/\/procamlock.com\/nb\/#\/schema\/logo\/image\/\",\"url\":\"https:\/\/procamlock.com\/wp-content\/uploads\/2025\/07\/logo-new-b.svg\",\"contentUrl\":\"https:\/\/procamlock.com\/wp-content\/uploads\/2025\/07\/logo-new-b.svg\",\"width\":450,\"height\":236,\"caption\":\"PROCAMLOCK\"},\"image\":{\"@id\":\"https:\/\/procamlock.com\/nb\/#\/schema\/logo\/image\/\"},\"sameAs\":[\"https:\/\/www.facebook.com\/PROCAMLOCK\/\"]}]}<\/script>\n<!-- \/ Yoast SEO plugin. -->","yoast_head_json":{"title":"Personvernerkl\u00e6ring - PROCAMLOCK","robots":{"index":"index","follow":"follow","max-snippet":"max-snippet:-1","max-image-preview":"max-image-preview:large","max-video-preview":"max-video-preview:-1"},"canonical":"https:\/\/procamlock.com\/nb\/personvernregler\/","og_locale":"nb_NO","og_type":"article","og_title":"Privacy Policy - PROCAMLOCK","og_description":"Who we are Our website address is: https:\/\/procamlock.com Comments When visitors leave comments on the site we collect the data [&hellip;]","og_url":"https:\/\/procamlock.com\/nb\/personvernregler\/","og_site_name":"PROCAMLOCK","article_publisher":"https:\/\/www.facebook.com\/PROCAMLOCK\/","article_modified_time":"2025-08-05T08:04:31+00:00","twitter_card":"summary_large_image","twitter_misc":{"Ansl. lesetid":"3 minutter"},"schema":{"@context":"https:\/\/schema.org","@graph":[{"@type":"WebPage","@id":"https:\/\/procamlock.com\/nb\/privacy-policy\/","url":"https:\/\/procamlock.com\/nb\/privacy-policy\/","name":"Personvernerkl\u00e6ring - PROCAMLOCK","isPartOf":{"@id":"https:\/\/procamlock.com\/nb\/#website"},"datePublished":"2025-07-15T11:33:59+00:00","dateModified":"2025-08-05T08:04:31+00:00","breadcrumb":{"@id":"https:\/\/procamlock.com\/nb\/privacy-policy\/#breadcrumb"},"inLanguage":"nb-NO","potentialAction":[{"@type":"ReadAction","target":["https:\/\/procamlock.com\/nb\/privacy-policy\/"]}]},{"@type":"BreadcrumbList","@id":"https:\/\/procamlock.com\/nb\/privacy-policy\/#breadcrumb","itemListElement":[{"@type":"ListItem","position":1,"name":"Home","item":"https:\/\/procamlock.com\/"},{"@type":"ListItem","position":2,"name":"Privacy Policy"}]},{"@type":"WebSite","@id":"https:\/\/procamlock.com\/nb\/#website","url":"https:\/\/procamlock.com\/nb\/","name":"PROCAMLOCK","description":"","publisher":{"@id":"https:\/\/procamlock.com\/nb\/#organization"},"potentialAction":[{"@type":"SearchAction","target":{"@type":"EntryPoint","urlTemplate":"https:\/\/procamlock.com\/nb\/?s={search_term_string}"},"query-input":{"@type":"PropertyValueSpecification","valueRequired":true,"valueName":"search_term_string"}}],"inLanguage":"nb-NO"},{"@type":"Organization","@id":"https:\/\/procamlock.com\/nb\/#organization","name":"PROCAMLOCK","url":"https:\/\/procamlock.com\/nb\/","logo":{"@type":"ImageObject","inLanguage":"nb-NO","@id":"https:\/\/procamlock.com\/nb\/#\/schema\/logo\/image\/","url":"https:\/\/procamlock.com\/wp-content\/uploads\/2025\/07\/logo-new-b.svg","contentUrl":"https:\/\/procamlock.com\/wp-content\/uploads\/2025\/07\/logo-new-b.svg","width":450,"height":236,"caption":"PROCAMLOCK"},"image":{"@id":"https:\/\/procamlock.com\/nb\/#\/schema\/logo\/image\/"},"sameAs":["https:\/\/www.facebook.com\/PROCAMLOCK\/"]}]}},"_links":{"self":[{"href":"https:\/\/procamlock.com\/nb\/wp-json\/wp\/v2\/pages\/3","targetHints":{"allow":["GET"]}}],"collection":[{"href":"https:\/\/procamlock.com\/nb\/wp-json\/wp\/v2\/pages"}],"about":[{"href":"https:\/\/procamlock.com\/nb\/wp-json\/wp\/v2\/types\/page"}],"author":[{"embeddable":true,"href":"https:\/\/procamlock.com\/nb\/wp-json\/wp\/v2\/users\/3"}],"replies":[{"embeddable":true,"href":"https:\/\/procamlock.com\/nb\/wp-json\/wp\/v2\/comments?post=3"}],"version-history":[{"count":2,"href":"https:\/\/procamlock.com\/nb\/wp-json\/wp\/v2\/pages\/3\/revisions"}],"predecessor-version":[{"id":7184,"href":"https:\/\/procamlock.com\/nb\/wp-json\/wp\/v2\/pages\/3\/revisions\/7184"}],"wp:attachment":[{"href":"https:\/\/procamlock.com\/nb\/wp-json\/wp\/v2\/media?parent=3"}],"curies":[{"name":"wp","href":"https:\/\/api.w.org\/{rel}","templated":true}]}}