{"id":3,"date":"2025-07-15T11:33:59","date_gmt":"2025-07-15T11:33:59","guid":{"rendered":"https:\/\/procamlock.com\/?page_id=3"},"modified":"2025-08-05T08:04:31","modified_gmt":"2025-08-05T08:04:31","slug":"tietosuojakaytanto","status":"publish","type":"page","link":"https:\/\/procamlock.com\/fi\/privacy-policy\/","title":{"rendered":"Tietosuojak\u00e4yt\u00e4nt\u00f6"},"content":{"rendered":"<h2 class=\"wp-block-heading\">Keit\u00e4 me olemme<\/h2>\r\n\r\n\r\n\r\n<p>Verkkosivustomme osoite on: https:\/\/procamlock.com<\/p>\r\n\r\n\r\n\r\n<h2 class=\"wp-block-heading\">Kommentit<\/h2>\r\n\r\n\r\n\r\n<p>Kun k\u00e4vij\u00e4t j\u00e4tt\u00e4v\u00e4t kommentteja sivustolle, ker\u00e4\u00e4mme kommenttilomakkeessa n\u00e4kyv\u00e4t tiedot sek\u00e4 k\u00e4vij\u00e4n IP-osoitteen ja selaimen k\u00e4ytt\u00e4j\u00e4agenttimerkkijonon roskapostin havaitsemisen helpottamiseksi.<\/p>\r\n\r\n\r\n\r\n<p>S\u00e4hk\u00f6postiosoitteestasi luotu anonymisoitu merkkijono (jota kutsutaan my\u00f6s hash-arvoksi) voidaan toimittaa Gravatar-palvelulle sen selvitt\u00e4miseksi, k\u00e4yt\u00e4tk\u00f6 sit\u00e4. Gravatar-palvelun tietosuojak\u00e4yt\u00e4nt\u00f6 on saatavilla t\u00e4\u00e4lt\u00e4: https:\/\/automattic.com\/privacy\/. Kun kommenttisi on hyv\u00e4ksytty, profiilikuvasi n\u00e4kyy julkisesti kommenttisi yhteydess\u00e4.<\/p>\r\n\r\n\r\n\r\n<h2 class=\"wp-block-heading\">Media<\/h2>\r\n\r\n\r\n\r\n<p>Jos lataat kuvia verkkosivustolle, sinun tulee v\u00e4ltt\u00e4\u00e4 lataamasta kuvia, joihin on upotettu sijaintitietoja (EXIF GPS). Verkkosivuston k\u00e4vij\u00e4t voivat ladata ja poimia sijaintitietoja verkkosivuston kuvista.<\/p>\r\n\r\n\r\n\r\n<h2 class=\"wp-block-heading\">Ev\u00e4steet<\/h2>\r\n\r\n\r\n\r\n<p>Jos j\u00e4t\u00e4t kommentin sivustollemme, voit halutessasi tallentaa nimesi, s\u00e4hk\u00f6postiosoitteesi ja verkkosivustosi ev\u00e4steisiin. N\u00e4m\u00e4 ev\u00e4steet on tarkoitettu k\u00e4ytt\u00f6mukavuutesi parantamiseksi, jotta sinun ei tarvitse t\u00e4ytt\u00e4\u00e4 tietojasi uudelleen, kun j\u00e4t\u00e4t kommentin. N\u00e4m\u00e4 ev\u00e4steet ovat voimassa yhden vuoden.<\/p>\r\n\r\n\r\n\r\n<p>Jos vierailet kirjautumissivullamme, asetamme v\u00e4liaikaisen ev\u00e4steen selvitt\u00e4\u00e4ksemme, hyv\u00e4ksyyk\u00f6 selaimesi ev\u00e4steet. T\u00e4m\u00e4 ev\u00e4ste ei sis\u00e4ll\u00e4 henkil\u00f6tietoja ja se poistetaan, kun suljet selaimesi.<\/p>\r\n\r\n\r\n\r\n<p>Kun kirjaudut sis\u00e4\u00e4n, asetamme my\u00f6s useita ev\u00e4steit\u00e4 kirjautumistietojesi ja n\u00e4ytt\u00f6asetuksesi tallentamiseksi. Kirjautumisev\u00e4steet s\u00e4ilyv\u00e4t kaksi p\u00e4iv\u00e4\u00e4 ja n\u00e4ytt\u00f6asetusten ev\u00e4steet vuoden. Jos valitset &quot;Muista minut&quot;, kirjautumisev\u00e4steet s\u00e4ilyv\u00e4t kaksi viikkoa. Jos kirjaudut ulos tililt\u00e4si, kirjautumisev\u00e4steet poistetaan.<\/p>\r\n\r\n\r\n\r\n<p>Jos muokkaat tai julkaiset artikkelin, selaimeesi tallennetaan ylim\u00e4\u00e4r\u00e4inen ev\u00e4ste. T\u00e4m\u00e4 ev\u00e4ste ei sis\u00e4ll\u00e4 henkil\u00f6tietoja ja se vain osoittaa juuri muokkaamasi artikkelin julkaisutunnuksen. Se vanhenee yhden p\u00e4iv\u00e4n kuluttua.<\/p>\r\n\r\n\r\n\r\n<h2 class=\"wp-block-heading\">Upotettu sis\u00e4lt\u00f6 muilta verkkosivustoilta<\/h2>\r\n\r\n\r\n\r\n<p>T\u00e4m\u00e4n sivuston artikkelit voivat sis\u00e4lt\u00e4\u00e4 upotettua sis\u00e4lt\u00f6\u00e4 (esim. videoita, kuvia, artikkeleita jne.). Muilta verkkosivustoilta upotettu sis\u00e4lt\u00f6 toimii t\u00e4sm\u00e4lleen samalla tavalla kuin jos k\u00e4vij\u00e4 olisi k\u00e4ynyt toisella verkkosivustolla.<\/p>\r\n\r\n\r\n\r\n<p>N\u00e4m\u00e4 verkkosivustot voivat ker\u00e4t\u00e4 sinusta tietoja, k\u00e4ytt\u00e4\u00e4 ev\u00e4steit\u00e4, upottaa muita kolmannen osapuolen seurantapalveluita ja seurata vuorovaikutustasi kyseisen upotetun sis\u00e4ll\u00f6n kanssa, mukaan lukien vuorovaikutuksesi seuraaminen upotetun sis\u00e4ll\u00f6n kanssa, jos sinulla on tili ja olet kirjautuneena kyseiselle verkkosivustolle.<\/p>\r\n\r\n\r\n\r\n<h2 class=\"wp-block-heading\">Kenelle jaamme tietojasi<\/h2>\r\n\r\n\r\n\r\n<p>Jos pyyd\u00e4t salasanan vaihtoa, IP-osoitteesi sis\u00e4llytet\u00e4\u00e4n salasanan vaihtoa koskevaan s\u00e4hk\u00f6postiin.<\/p>\r\n\r\n\r\n\r\n<h2 class=\"wp-block-heading\">Kuinka kauan s\u00e4ilyt\u00e4mme tietojasi<\/h2>\r\n\r\n\r\n\r\n<p>Jos j\u00e4t\u00e4t kommentin, kommentti ja sen metatiedot s\u00e4ilytet\u00e4\u00e4n toistaiseksi. T\u00e4m\u00e4 on tarkoitettu tunnistamaan ja hyv\u00e4ksym\u00e4\u00e4n mahdolliset jatkokommentit automaattisesti sen sijaan, ett\u00e4 pit\u00e4isimme niit\u00e4 moderointijonossa.<\/p>\r\n\r\n\r\n\r\n<p>Verkkosivustollemme rekister\u00f6ityvien k\u00e4ytt\u00e4jien (jos sellaisia on) henkil\u00f6tiedot tallennetaan my\u00f6s k\u00e4ytt\u00e4j\u00e4profiiliin. Kaikki k\u00e4ytt\u00e4j\u00e4t voivat n\u00e4hd\u00e4, muokata tai poistaa henkil\u00f6tietojaan milloin tahansa (paitsi ett\u00e4 he eiv\u00e4t voi muuttaa k\u00e4ytt\u00e4j\u00e4tunnustaan). My\u00f6s verkkosivuston yll\u00e4pit\u00e4j\u00e4t voivat n\u00e4hd\u00e4 ja muokata n\u00e4it\u00e4 tietoja.<\/p>\r\n\r\n\r\n\r\n<h2 class=\"wp-block-heading\">Mit\u00e4 oikeuksia sinulla on tietoihisi<\/h2>\r\n\r\n\r\n\r\n<p>Jos sinulla on tili t\u00e4ll\u00e4 sivustolla tai olet j\u00e4tt\u00e4nyt kommentteja, voit pyyt\u00e4\u00e4 meit\u00e4 vastaanottamaan tiedoston hallussamme olevista sinua koskevista henkil\u00f6tiedoista, mukaan lukien kaikki meille antamasi tiedot. Voit my\u00f6s pyyt\u00e4\u00e4 meit\u00e4 poistamaan kaikki hallussamme olevat sinua koskevat henkil\u00f6tiedot. T\u00e4m\u00e4 ei sis\u00e4ll\u00e4 tietoja, joita meid\u00e4n on s\u00e4ilytett\u00e4v\u00e4 hallinnollisista, oikeudellisista tai turvallisuussyist\u00e4.<\/p>\r\n\r\n\r\n\r\n<h2 class=\"wp-block-heading\">Minne tietosi l\u00e4hetet\u00e4\u00e4n<\/h2>\r\n\r\n\r\n\r\n<p>Vierailijoiden kommentit voidaan tarkistaa automaattisen roskapostin tunnistuspalvelun avulla.<\/p>\r\n\r\n<p>&nbsp;<\/p>","protected":false},"excerpt":{"rendered":"<p>Who we are Our website address is: https:\/\/procamlock.com Comments When visitors leave comments on the site we collect the data [&hellip;]<\/p>\n","protected":false},"author":3,"featured_media":0,"parent":0,"menu_order":0,"comment_status":"closed","ping_status":"open","template":"","meta":{"_acf_changed":false,"site-sidebar-layout":"default","site-content-layout":"","ast-site-content-layout":"default","site-content-style":"default","site-sidebar-style":"default","ast-global-header-display":"","ast-banner-title-visibility":"","ast-main-header-display":"","ast-hfb-above-header-display":"","ast-hfb-below-header-display":"","ast-hfb-mobile-header-display":"","site-post-title":"","ast-breadcrumbs-content":"","ast-featured-img":"","footer-sml-layout":"","ast-disable-related-posts":"","theme-transparent-header-meta":"default","adv-header-id-meta":"","stick-header-meta":"","header-above-stick-meta":"","header-main-stick-meta":"","header-below-stick-meta":"","astra-migrate-meta-layouts":"set","ast-page-background-enabled":"default","ast-page-background-meta":{"desktop":{"background-color":"var(--ast-global-color-5)","background-image":"","background-repeat":"repeat","background-position":"center center","background-size":"auto","background-attachment":"scroll","background-type":"","background-media":"","overlay-type":"","overlay-color":"","overlay-opacity":"","overlay-gradient":""},"tablet":{"background-color":"","background-image":"","background-repeat":"repeat","background-position":"center center","background-size":"auto","background-attachment":"scroll","background-type":"","background-media":"","overlay-type":"","overlay-color":"","overlay-opacity":"","overlay-gradient":""},"mobile":{"background-color":"","background-image":"","background-repeat":"repeat","background-position":"center center","background-size":"auto","background-attachment":"scroll","background-type":"","background-media":"","overlay-type":"","overlay-color":"","overlay-opacity":"","overlay-gradient":""}},"ast-content-background-meta":{"desktop":{"background-color":"var(--ast-global-color-4)","background-image":"","background-repeat":"repeat","background-position":"center center","background-size":"auto","background-attachment":"scroll","background-type":"","background-media":"","overlay-type":"","overlay-color":"","overlay-opacity":"","overlay-gradient":""},"tablet":{"background-color":"var(--ast-global-color-4)","background-image":"","background-repeat":"repeat","background-position":"center center","background-size":"auto","background-attachment":"scroll","background-type":"","background-media":"","overlay-type":"","overlay-color":"","overlay-opacity":"","overlay-gradient":""},"mobile":{"background-color":"var(--ast-global-color-4)","background-image":"","background-repeat":"repeat","background-position":"center center","background-size":"auto","background-attachment":"scroll","background-type":"","background-media":"","overlay-type":"","overlay-color":"","overlay-opacity":"","overlay-gradient":""}},"footnotes":""},"class_list":["post-3","page","type-page","status-publish","hentry"],"acf":[],"yoast_head":"<!-- This site is optimized with the Yoast SEO plugin v27.1.1 - https:\/\/yoast.com\/product\/yoast-seo-wordpress\/ -->\n<title>Privacy Policy - PROCAMLOCK<\/title>\n<meta name=\"robots\" content=\"index, follow, max-snippet:-1, max-image-preview:large, max-video-preview:-1\" \/>\n<link rel=\"canonical\" href=\"https:\/\/procamlock.com\/fi\/tietosuojakaytanto\/\" \/>\n<meta property=\"og:locale\" content=\"fi_FI\" \/>\n<meta property=\"og:type\" content=\"article\" \/>\n<meta property=\"og:title\" content=\"Privacy Policy - PROCAMLOCK\" \/>\n<meta property=\"og:description\" content=\"Who we are Our website address is: https:\/\/procamlock.com Comments When visitors leave comments on the site we collect the data [&hellip;]\" \/>\n<meta property=\"og:url\" content=\"https:\/\/procamlock.com\/fi\/tietosuojakaytanto\/\" \/>\n<meta property=\"og:site_name\" content=\"PROCAMLOCK\" \/>\n<meta property=\"article:publisher\" content=\"https:\/\/www.facebook.com\/PROCAMLOCK\/\" \/>\n<meta property=\"article:modified_time\" content=\"2025-08-05T08:04:31+00:00\" \/>\n<meta name=\"twitter:card\" content=\"summary_large_image\" \/>\n<meta name=\"twitter:label1\" content=\"Arvioitu lukuaika\" \/>\n\t<meta name=\"twitter:data1\" content=\"3 minuuttia\" \/>\n<script type=\"application\/ld+json\" class=\"yoast-schema-graph\">{\"@context\":\"https:\/\/schema.org\",\"@graph\":[{\"@type\":\"WebPage\",\"@id\":\"https:\/\/procamlock.com\/fi\/privacy-policy\/\",\"url\":\"https:\/\/procamlock.com\/fi\/privacy-policy\/\",\"name\":\"Privacy Policy - PROCAMLOCK\",\"isPartOf\":{\"@id\":\"https:\/\/procamlock.com\/fi\/#website\"},\"datePublished\":\"2025-07-15T11:33:59+00:00\",\"dateModified\":\"2025-08-05T08:04:31+00:00\",\"breadcrumb\":{\"@id\":\"https:\/\/procamlock.com\/fi\/privacy-policy\/#breadcrumb\"},\"inLanguage\":\"fi\",\"potentialAction\":[{\"@type\":\"ReadAction\",\"target\":[\"https:\/\/procamlock.com\/fi\/privacy-policy\/\"]}]},{\"@type\":\"BreadcrumbList\",\"@id\":\"https:\/\/procamlock.com\/fi\/privacy-policy\/#breadcrumb\",\"itemListElement\":[{\"@type\":\"ListItem\",\"position\":1,\"name\":\"Home\",\"item\":\"https:\/\/procamlock.com\/\"},{\"@type\":\"ListItem\",\"position\":2,\"name\":\"Privacy Policy\"}]},{\"@type\":\"WebSite\",\"@id\":\"https:\/\/procamlock.com\/fi\/#website\",\"url\":\"https:\/\/procamlock.com\/fi\/\",\"name\":\"PROCAMLOCK\",\"description\":\"\",\"publisher\":{\"@id\":\"https:\/\/procamlock.com\/fi\/#organization\"},\"potentialAction\":[{\"@type\":\"SearchAction\",\"target\":{\"@type\":\"EntryPoint\",\"urlTemplate\":\"https:\/\/procamlock.com\/fi\/?s={search_term_string}\"},\"query-input\":{\"@type\":\"PropertyValueSpecification\",\"valueRequired\":true,\"valueName\":\"search_term_string\"}}],\"inLanguage\":\"fi\"},{\"@type\":\"Organization\",\"@id\":\"https:\/\/procamlock.com\/fi\/#organization\",\"name\":\"PROCAMLOCK\",\"url\":\"https:\/\/procamlock.com\/fi\/\",\"logo\":{\"@type\":\"ImageObject\",\"inLanguage\":\"fi\",\"@id\":\"https:\/\/procamlock.com\/fi\/#\/schema\/logo\/image\/\",\"url\":\"https:\/\/procamlock.com\/wp-content\/uploads\/2025\/07\/logo-new-b.svg\",\"contentUrl\":\"https:\/\/procamlock.com\/wp-content\/uploads\/2025\/07\/logo-new-b.svg\",\"width\":450,\"height\":236,\"caption\":\"PROCAMLOCK\"},\"image\":{\"@id\":\"https:\/\/procamlock.com\/fi\/#\/schema\/logo\/image\/\"},\"sameAs\":[\"https:\/\/www.facebook.com\/PROCAMLOCK\/\"]}]}<\/script>\n<!-- \/ Yoast SEO plugin. -->","yoast_head_json":{"title":"Tietosuojak\u00e4yt\u00e4nt\u00f6 - PROCAMLOCK","robots":{"index":"index","follow":"follow","max-snippet":"max-snippet:-1","max-image-preview":"max-image-preview:large","max-video-preview":"max-video-preview:-1"},"canonical":"https:\/\/procamlock.com\/fi\/tietosuojakaytanto\/","og_locale":"fi_FI","og_type":"article","og_title":"Privacy Policy - PROCAMLOCK","og_description":"Who we are Our website address is: https:\/\/procamlock.com Comments When visitors leave comments on the site we collect the data [&hellip;]","og_url":"https:\/\/procamlock.com\/fi\/tietosuojakaytanto\/","og_site_name":"PROCAMLOCK","article_publisher":"https:\/\/www.facebook.com\/PROCAMLOCK\/","article_modified_time":"2025-08-05T08:04:31+00:00","twitter_card":"summary_large_image","twitter_misc":{"Arvioitu lukuaika":"3 minuuttia"},"schema":{"@context":"https:\/\/schema.org","@graph":[{"@type":"WebPage","@id":"https:\/\/procamlock.com\/fi\/privacy-policy\/","url":"https:\/\/procamlock.com\/fi\/privacy-policy\/","name":"Tietosuojak\u00e4yt\u00e4nt\u00f6 - PROCAMLOCK","isPartOf":{"@id":"https:\/\/procamlock.com\/fi\/#website"},"datePublished":"2025-07-15T11:33:59+00:00","dateModified":"2025-08-05T08:04:31+00:00","breadcrumb":{"@id":"https:\/\/procamlock.com\/fi\/privacy-policy\/#breadcrumb"},"inLanguage":"fi","potentialAction":[{"@type":"ReadAction","target":["https:\/\/procamlock.com\/fi\/privacy-policy\/"]}]},{"@type":"BreadcrumbList","@id":"https:\/\/procamlock.com\/fi\/privacy-policy\/#breadcrumb","itemListElement":[{"@type":"ListItem","position":1,"name":"Home","item":"https:\/\/procamlock.com\/"},{"@type":"ListItem","position":2,"name":"Privacy Policy"}]},{"@type":"WebSite","@id":"https:\/\/procamlock.com\/fi\/#website","url":"https:\/\/procamlock.com\/fi\/","name":"PROCAMLOCK","description":"","publisher":{"@id":"https:\/\/procamlock.com\/fi\/#organization"},"potentialAction":[{"@type":"SearchAction","target":{"@type":"EntryPoint","urlTemplate":"https:\/\/procamlock.com\/fi\/?s={search_term_string}"},"query-input":{"@type":"PropertyValueSpecification","valueRequired":true,"valueName":"search_term_string"}}],"inLanguage":"fi"},{"@type":"Organization","@id":"https:\/\/procamlock.com\/fi\/#organization","name":"PROCAMLOCK","url":"https:\/\/procamlock.com\/fi\/","logo":{"@type":"ImageObject","inLanguage":"fi","@id":"https:\/\/procamlock.com\/fi\/#\/schema\/logo\/image\/","url":"https:\/\/procamlock.com\/wp-content\/uploads\/2025\/07\/logo-new-b.svg","contentUrl":"https:\/\/procamlock.com\/wp-content\/uploads\/2025\/07\/logo-new-b.svg","width":450,"height":236,"caption":"PROCAMLOCK"},"image":{"@id":"https:\/\/procamlock.com\/fi\/#\/schema\/logo\/image\/"},"sameAs":["https:\/\/www.facebook.com\/PROCAMLOCK\/"]}]}},"_links":{"self":[{"href":"https:\/\/procamlock.com\/fi\/wp-json\/wp\/v2\/pages\/3","targetHints":{"allow":["GET"]}}],"collection":[{"href":"https:\/\/procamlock.com\/fi\/wp-json\/wp\/v2\/pages"}],"about":[{"href":"https:\/\/procamlock.com\/fi\/wp-json\/wp\/v2\/types\/page"}],"author":[{"embeddable":true,"href":"https:\/\/procamlock.com\/fi\/wp-json\/wp\/v2\/users\/3"}],"replies":[{"embeddable":true,"href":"https:\/\/procamlock.com\/fi\/wp-json\/wp\/v2\/comments?post=3"}],"version-history":[{"count":2,"href":"https:\/\/procamlock.com\/fi\/wp-json\/wp\/v2\/pages\/3\/revisions"}],"predecessor-version":[{"id":7184,"href":"https:\/\/procamlock.com\/fi\/wp-json\/wp\/v2\/pages\/3\/revisions\/7184"}],"wp:attachment":[{"href":"https:\/\/procamlock.com\/fi\/wp-json\/wp\/v2\/media?parent=3"}],"curies":[{"name":"wp","href":"https:\/\/api.w.org\/{rel}","templated":true}]}}